{"id":738911,"date":"2016-06-12T11:49:06","date_gmt":"2016-06-12T09:49:06","guid":{"rendered":"http:\/\/www.xtramp.de\/?page_id=738911"},"modified":"2016-06-12T12:08:59","modified_gmt":"2016-06-12T10:08:59","slug":"duschsystem","status":"publish","type":"page","link":"https:\/\/xtramp.de\/wp\/meine-zweite-heimat\/duschsystem\/","title":{"rendered":"Duschsystem"},"content":{"rendered":"<h2>Ein Duschsystem, das g\u00e4nzlich ohne Gef\u00e4lle auskommt<\/h2>\n<p><a href=\"http:\/\/www.kleindesign-muenster.de\" target=\"_blank\">www.kleindesign-muenster.de<\/a><\/p>\n<p>Weitere Infos unter:<br \/>\nKlaus Klein GmbH<br \/>\nZm Kaiserbusch 18<br \/>\n48165 M\u00fcnster<br \/>\nTel. (0251) 60 98 05-0<\/p>\n<p><a href=\"http:\/\/www.klausklein-gmbh.de\" target=\"_blank\">www.klausklein-gmbh.de<\/a><\/p>\n<p><a href=\"mailto:info@kleindesign-muenster.de\" target=\"_blank\">info@kleindesign-muenster.de<\/a><\/p>\n","protected":false},"excerpt":{"rendered":"<p>Ein Duschsystem, das g\u00e4nzlich ohne Gef\u00e4lle auskommt www.kleindesign-muenster.de Weitere Infos unter: Klaus Klein GmbH Zm Kaiserbusch 18 48165 M\u00fcnster Tel. (0251) 60 98 05-0 www.klausklein-gmbh.de info@kleindesign-muenster.de<\/p>\n","protected":false},"author":1,"featured_media":738917,"parent":738891,"menu_order":100,"comment_status":"closed","ping_status":"closed","template":"page_cincu.php","meta":{"om_disable_all_campaigns":false,"_monsterinsights_skip_tracking":false,"_monsterinsights_sitenote_active":false,"_monsterinsights_sitenote_note":"","_monsterinsights_sitenote_category":0,"footnotes":""},"class_list":["post-738911","page","type-page","status-publish","has-post-thumbnail","hentry","has-post-title","has-post-date","has-post-category","has-post-tag","has-post-comment","has-post-author",""],"aioseo_notices":[],"_links":{"self":[{"href":"https:\/\/xtramp.de\/wp\/wp-json\/wp\/v2\/pages\/738911","targetHints":{"allow":["GET"]}}],"collection":[{"href":"https:\/\/xtramp.de\/wp\/wp-json\/wp\/v2\/pages"}],"about":[{"href":"https:\/\/xtramp.de\/wp\/wp-json\/wp\/v2\/types\/page"}],"author":[{"embeddable":true,"href":"https:\/\/xtramp.de\/wp\/wp-json\/wp\/v2\/users\/1"}],"replies":[{"embeddable":true,"href":"https:\/\/xtramp.de\/wp\/wp-json\/wp\/v2\/comments?post=738911"}],"version-history":[{"count":0,"href":"https:\/\/xtramp.de\/wp\/wp-json\/wp\/v2\/pages\/738911\/revisions"}],"up":[{"embeddable":true,"href":"https:\/\/xtramp.de\/wp\/wp-json\/wp\/v2\/pages\/738891"}],"wp:featuredmedia":[{"embeddable":true,"href":"https:\/\/xtramp.de\/wp\/wp-json\/wp\/v2\/media\/738917"}],"wp:attachment":[{"href":"https:\/\/xtramp.de\/wp\/wp-json\/wp\/v2\/media?parent=738911"}],"curies":[{"name":"wp","href":"https:\/\/api.w.org\/{rel}","templated":true}]}}